{"id":6,"date":"2015-05-06T15:35:21","date_gmt":"2015-05-06T13:35:21","guid":{"rendered":"http:\/\/www.oliver-wehner.de\/testseite\/?page_id=6"},"modified":"2023-10-10T21:20:35","modified_gmt":"2023-10-10T19:20:35","slug":"person","status":"publish","type":"page","link":"https:\/\/www.oliver-wehner.de\/","title":{"rendered":"Person"},"content":{"rendered":"<div class=\"l-submain\"><div class=\"l-submain-h g-html i-cf\">[vc_row][vc_column][rev_slider_vc alias=&#8220;wehner&#8220;][vc_empty_space][\/vc_column][\/vc_row][vc_row][vc_column][vc_column_text]\n<h2><strong>Oliver Wehner<\/strong><\/h2>\n<p>Oliver Wehner (* 7. Juli 1984 in Pirna) ist ein deutscher Politiker (CDU). Er war zwischen 2009 und 2019 Mitglied des S\u00e4chsischen Landtags und dort gesundheitspolitischer Sprecher der CDU-Fraktion. Von 2016 bis 2019 war er Vorsitzender der Enquete-Kommission \u201eSicherstellung der Versorgung und Weiterentwicklung der Qualit\u00e4t in der Pflege \u00e4lterer Menschen im Freistaat Sachsen\u201c.<\/p>\n<p>Nach zehnj\u00e4hriger Parlamentszugeh\u00f6rigkeit als Abgeordneter wechselte Oliver Wehner 2020 in die Gesundheitswirtschaft. Er \u00fcbernahm eine Leitungsfunktion bei den Celenus-Kliniken.<\/p>\n<p>(Quelle: <a href=\"https:\/\/de.wikipedia.org\/wiki\/Oliver_Wehner\" target=\"_blank\" rel=\"noopener noreferrer\">https:\/\/de.wikipedia.org\/wiki\/Oliver_Wehner<\/a>)[\/vc_column_text][vc_separator][vc_tta_accordion style=&#8220;modern&#8220; shape=&#8220;square&#8220; active_section=&#8220;10&#8243; no_fill=&#8220;true&#8220;][vc_tta_section title=&#8220;Beruflicher Werdegang&#8220; tab_id=&#8220;1461240215510-ad733c6c-dca1&#8243;][vc_column_text]\n<ul>\n<li>Abitur in Pirna \u2013 Johann-Gottfried-Herder-Gymnasium<\/li>\n<li>Zivildienst in Heidenau \u2013 Johanniter Unfallhilfe e.V.<\/li>\n<li>Kaufm\u00e4nnische Ausbildung (IHK) \u2013 Deutsche Beamtenkrankenversicherung<\/li>\n<li>Studium an der TU Dresden und Abschluss zum Politikwissenschaftler (Bachelor of Arts)<\/li>\n<li>Studium an der HSMW und Abschluss zum MBA (Master of Business Administration)\n<div class=\"page\" title=\"Page 1\">\n<div class=\"section\">\n<div class=\"layoutArea\">\n<div class=\"column\">&nbsp;<\/div>\n<\/div>\n<\/div>\n<\/div>\n<\/li>\n<li>Mitglied des S\u00e4chsischen Landtages (MdL) &#8211; Gesundheitspolitischer Sprecher<\/li>\n<li>Klinikdirektor (Celenus-Gruppe)<\/li>\n<li>Mitglied der Klinikleitung (Helios Standort Leipzig &#8211; Herzzentrum, Helios Park-Klinikum)<\/li>\n<li>Gesch\u00e4ftsf\u00fchrer (Herzzentrum Dresden Universit\u00e4tsklinik)<\/li>\n<\/ul>\n[\/vc_column_text][\/vc_tta_section][vc_tta_section title=&#8220;Arbeit im S\u00e4chsischen Landtag&#8220; tab_id=&#8220;1461240262026-64e29d5b-9fcf&#8220;][vc_column_text]\n<ul>\n<li><strong>Gesundheitspolitischer Sprecher<\/strong> der CDU-Landtagsfraktion<\/li>\n<li><strong>Vorsitzender der Enquete-Kommission<\/strong>&nbsp;&#8222;Sicherstellung der Versorgung und Weiterentwicklung der Qualit\u00e4t in der Pflege \u00e4lterer Menschen im Freistaat Sachsen&#8220;<\/li>\n<li><strong>Stellv. Vorsitzender des&nbsp;Ausschusses f\u00fcr Soziales<\/strong> \u2013 Gesundheit, Familie, Jugend, Senioren, Verbraucherschutz, Gleichstellung und Integration<\/li>\n<li>Mitglied im Landesjugendhilfeausschuss<\/li>\n<li>Mitglied im Petitionsausschuss<\/li>\n<li>Mitglied im 1.&nbsp;Untersuchungsausschuss&nbsp;&#8211; Neonazistische Terrornetzwerke in Sachsen<\/li>\n<li>Stellv. Mitglied im Ausschuss f\u00fcr Schule und Sport<\/li>\n<li>Stellv. Mitglied im Ausschuss f\u00fcr Gesch\u00e4ftsordnung und Immunit\u00e4tsangelegenheiten<\/li>\n<li>Stellv. Mitglied im&nbsp;Pr\u00e4sidium des S\u00e4chsischen Landtages<\/li>\n<\/ul>\n[\/vc_column_text][\/vc_tta_section][vc_tta_section title=&#8220;Funktionen und \u00c4mter&#8220; tab_id=&#8220;1461240279364-34e91f62-2e8a&#8220;][vc_column_text]\n<ul>\n<li>Pr\u00e4sident des Deutschen Roten Kreuzes (DRK) &#8211; Kreisverband Pirna<\/li>\n<li>Mitglied des DRK Landespr\u00e4sidiums Sachsen<\/li>\n<li>Lehrbeauftragter f\u00fcr Gesundheitsmanagement an der staatlichen Studienakademie (BA Sachsen)<\/li>\n<li>Kreisrat des Landkreises S\u00e4chsische Schweiz &#8211; Osterzgebirge (bis 2023)<\/li>\n<li>Mitglied im Beirat des HELIOS Klinikum Pirna GmbH (bis 2020)<\/li>\n<li>Aufsichtsratsvorsitzender der Sozialen Dienste gGmbH des DRK KV Pirna<\/li>\n<\/ul>\n[\/vc_column_text][\/vc_tta_section][\/vc_tta_accordion][\/vc_column][\/vc_row][vc_row][vc_column][\/vc_column][\/vc_row]\n<\/div><\/div>","protected":false},"excerpt":{"rendered":"<p>[vc_row][vc_column][rev_slider_vc alias=&#8220;wehner&#8220;][vc_empty_space][\/vc_column][\/vc_row][vc_row][vc_column][vc_column_text] Oliver Wehner Oliver Wehner (* 7. Juli 1984 in Pirna) ist ein deutscher Politiker (CDU). Er war zwischen 2009 und 2019 Mitglied des S\u00e4chsischen Landtags und dort gesundheitspolitischer&#8230;<\/p>\n","protected":false},"author":6,"featured_media":0,"parent":0,"menu_order":0,"comment_status":"open","ping_status":"open","template":"","meta":{"ngg_post_thumbnail":0},"_links":{"self":[{"href":"https:\/\/www.oliver-wehner.de\/index.php?rest_route=\/wp\/v2\/pages\/6"}],"collection":[{"href":"https:\/\/www.oliver-wehner.de\/index.php?rest_route=\/wp\/v2\/pages"}],"about":[{"href":"https:\/\/www.oliver-wehner.de\/index.php?rest_route=\/wp\/v2\/types\/page"}],"author":[{"embeddable":true,"href":"https:\/\/www.oliver-wehner.de\/index.php?rest_route=\/wp\/v2\/users\/6"}],"replies":[{"embeddable":true,"href":"https:\/\/www.oliver-wehner.de\/index.php?rest_route=%2Fwp%2Fv2%2Fcomments&post=6"}],"version-history":[{"count":85,"href":"https:\/\/www.oliver-wehner.de\/index.php?rest_route=\/wp\/v2\/pages\/6\/revisions"}],"predecessor-version":[{"id":5131,"href":"https:\/\/www.oliver-wehner.de\/index.php?rest_route=\/wp\/v2\/pages\/6\/revisions\/5131"}],"wp:attachment":[{"href":"https:\/\/www.oliver-wehner.de\/index.php?rest_route=%2Fwp%2Fv2%2Fmedia&parent=6"}],"curies":[{"name":"wp","href":"https:\/\/api.w.org\/{rel}","templated":true}]}}